{"id":680,"date":"2020-06-03T20:11:05","date_gmt":"2020-06-03T17:11:05","guid":{"rendered":"https:\/\/bareeq-int.com\/referanslarimiz\/"},"modified":"2023-04-18T15:25:48","modified_gmt":"2023-04-18T12:25:48","slug":"referanslarimiz","status":"publish","type":"page","link":"https:\/\/bareeq-int.com\/tr\/referanslarimiz\/","title":{"rendered":"M\u00fc\u015fterilerimiz"},"content":{"rendered":"\n<p>9.000&#8217;den fazla firman\u0131n tercihi&#8230;<\/p>\n\n\n\n<figure class=\"wp-block-gallery has-nested-images columns-4 is-cropped wp-block-gallery-1 is-layout-flex wp-block-gallery-is-layout-flex\">\n<figure class=\"wp-block-image size-large\"><img loading=\"lazy\" decoding=\"async\" width=\"1000\" height=\"682\" data-id=\"545\" src=\"https:\/\/bareeq-int.com\/wp-content\/uploads\/2023\/02\/bp-2.jpg\" alt=\"\" class=\"wp-image-545\" srcset=\"https:\/\/bareeq-int.com\/wp-content\/uploads\/2023\/02\/bp-2.jpg 1000w, https:\/\/bareeq-int.com\/wp-content\/uploads\/2023\/02\/bp-2-300x205.jpg 300w, https:\/\/bareeq-int.com\/wp-content\/uploads\/2023\/02\/bp-2-768x524.jpg 768w\" sizes=\"auto, (max-width: 1000px) 100vw, 1000px\" \/><figcaption class=\"wp-element-caption\">BP \u0130ngiliz Petrol<\/figcaption><\/figure>\n\n\n\n<figure class=\"wp-block-image size-large\"><img loading=\"lazy\" decoding=\"async\" width=\"1000\" height=\"682\" data-id=\"548\" src=\"https:\/\/bareeq-int.com\/wp-content\/uploads\/2023\/02\/g-f-c-2.jpg\" alt=\"\" class=\"wp-image-548\" srcset=\"https:\/\/bareeq-int.com\/wp-content\/uploads\/2023\/02\/g-f-c-2.jpg 1000w, https:\/\/bareeq-int.com\/wp-content\/uploads\/2023\/02\/g-f-c-2-300x205.jpg 300w, https:\/\/bareeq-int.com\/wp-content\/uploads\/2023\/02\/g-f-c-2-768x524.jpg 768w\" sizes=\"auto, (max-width: 1000px) 100vw, 1000px\" \/><figcaption class=\"wp-element-caption\">GFC IRAK<\/figcaption><\/figure>\n\n\n\n<figure class=\"wp-block-image size-large\"><img loading=\"lazy\" decoding=\"async\" width=\"1000\" height=\"682\" data-id=\"557\" src=\"https:\/\/bareeq-int.com\/wp-content\/uploads\/2023\/02\/ghaz-shimall-2.jpg\" alt=\"\" class=\"wp-image-557\" srcset=\"https:\/\/bareeq-int.com\/wp-content\/uploads\/2023\/02\/ghaz-shimall-2.jpg 1000w, https:\/\/bareeq-int.com\/wp-content\/uploads\/2023\/02\/ghaz-shimall-2-300x205.jpg 300w, https:\/\/bareeq-int.com\/wp-content\/uploads\/2023\/02\/ghaz-shimall-2-768x524.jpg 768w\" sizes=\"auto, (max-width: 1000px) 100vw, 1000px\" \/><figcaption class=\"wp-element-caption\">Kuzey Gaz \u015eirketi<\/figcaption><\/figure>\n\n\n\n<figure class=\"wp-block-image size-large\"><img loading=\"lazy\" decoding=\"async\" width=\"1000\" height=\"682\" data-id=\"551\" src=\"https:\/\/bareeq-int.com\/wp-content\/uploads\/2023\/02\/halburton-2.jpg\" alt=\"\" class=\"wp-image-551\" srcset=\"https:\/\/bareeq-int.com\/wp-content\/uploads\/2023\/02\/halburton-2.jpg 1000w, https:\/\/bareeq-int.com\/wp-content\/uploads\/2023\/02\/halburton-2-300x205.jpg 300w, https:\/\/bareeq-int.com\/wp-content\/uploads\/2023\/02\/halburton-2-768x524.jpg 768w\" sizes=\"auto, (max-width: 1000px) 100vw, 1000px\" \/><figcaption class=\"wp-element-caption\">HALLIBURTON<\/figcaption><\/figure>\n\n\n\n<figure class=\"wp-block-image size-large\"><img loading=\"lazy\" decoding=\"async\" width=\"1000\" height=\"682\" data-id=\"570\" src=\"https:\/\/bareeq-int.com\/wp-content\/uploads\/2023\/02\/i-d-s-2.jpg\" alt=\"\" class=\"wp-image-570\" srcset=\"https:\/\/bareeq-int.com\/wp-content\/uploads\/2023\/02\/i-d-s-2.jpg 1000w, https:\/\/bareeq-int.com\/wp-content\/uploads\/2023\/02\/i-d-s-2-300x205.jpg 300w, https:\/\/bareeq-int.com\/wp-content\/uploads\/2023\/02\/i-d-s-2-768x524.jpg 768w\" sizes=\"auto, (max-width: 1000px) 100vw, 1000px\" \/><figcaption class=\"wp-element-caption\">Irak sondaj \u015firketi<\/figcaption><\/figure>\n\n\n\n<figure class=\"wp-block-image size-large\"><img loading=\"lazy\" decoding=\"async\" width=\"1000\" height=\"682\" data-id=\"554\" src=\"https:\/\/bareeq-int.com\/wp-content\/uploads\/2023\/02\/kar-group-2.jpg\" alt=\"\" class=\"wp-image-554\" srcset=\"https:\/\/bareeq-int.com\/wp-content\/uploads\/2023\/02\/kar-group-2.jpg 1000w, https:\/\/bareeq-int.com\/wp-content\/uploads\/2023\/02\/kar-group-2-300x205.jpg 300w, https:\/\/bareeq-int.com\/wp-content\/uploads\/2023\/02\/kar-group-2-768x524.jpg 768w\" sizes=\"auto, (max-width: 1000px) 100vw, 1000px\" \/><figcaption class=\"wp-element-caption\">KAR GROUP<\/figcaption><\/figure>\n\n\n\n<figure class=\"wp-block-image size-large\"><img loading=\"lazy\" decoding=\"async\" width=\"1000\" height=\"682\" data-id=\"563\" src=\"https:\/\/bareeq-int.com\/wp-content\/uploads\/2023\/02\/kharabaa-2.jpg\" alt=\"\" class=\"wp-image-563\" srcset=\"https:\/\/bareeq-int.com\/wp-content\/uploads\/2023\/02\/kharabaa-2.jpg 1000w, https:\/\/bareeq-int.com\/wp-content\/uploads\/2023\/02\/kharabaa-2-300x205.jpg 300w, https:\/\/bareeq-int.com\/wp-content\/uploads\/2023\/02\/kharabaa-2-768x524.jpg 768w\" sizes=\"auto, (max-width: 1000px) 100vw, 1000px\" \/><figcaption class=\"wp-element-caption\">Elektrik Bakanl\u0131\u011f\u0131<\/figcaption><\/figure>\n\n\n\n<figure class=\"wp-block-image size-large\"><img loading=\"lazy\" decoding=\"async\" width=\"1000\" height=\"682\" data-id=\"566\" src=\"https:\/\/bareeq-int.com\/wp-content\/uploads\/2023\/02\/naft-shmall-2.jpg\" alt=\"\" class=\"wp-image-566\" srcset=\"https:\/\/bareeq-int.com\/wp-content\/uploads\/2023\/02\/naft-shmall-2.jpg 1000w, https:\/\/bareeq-int.com\/wp-content\/uploads\/2023\/02\/naft-shmall-2-300x205.jpg 300w, https:\/\/bareeq-int.com\/wp-content\/uploads\/2023\/02\/naft-shmall-2-768x524.jpg 768w\" sizes=\"auto, (max-width: 1000px) 100vw, 1000px\" \/><figcaption class=\"wp-element-caption\">Kuzey Petrol \u015eirketi<\/figcaption><\/figure>\n\n\n\n<figure class=\"wp-block-image size-large\"><img loading=\"lazy\" decoding=\"async\" width=\"1000\" height=\"682\" data-id=\"575\" src=\"https:\/\/bareeq-int.com\/wp-content\/uploads\/2023\/02\/north-refinereies-2.jpg\" alt=\"\" class=\"wp-image-575\" srcset=\"https:\/\/bareeq-int.com\/wp-content\/uploads\/2023\/02\/north-refinereies-2.jpg 1000w, https:\/\/bareeq-int.com\/wp-content\/uploads\/2023\/02\/north-refinereies-2-300x205.jpg 300w, https:\/\/bareeq-int.com\/wp-content\/uploads\/2023\/02\/north-refinereies-2-768x524.jpg 768w\" sizes=\"auto, (max-width: 1000px) 100vw, 1000px\" \/><figcaption class=\"wp-element-caption\">kuzey rafineriler \u015firketi<\/figcaption><\/figure>\n\n\n\n<figure class=\"wp-block-image size-large\"><img loading=\"lazy\" decoding=\"async\" width=\"1000\" height=\"682\" data-id=\"560\" src=\"https:\/\/bareeq-int.com\/wp-content\/uploads\/2023\/02\/oil-serv-2.jpg\" alt=\"\" class=\"wp-image-560\" srcset=\"https:\/\/bareeq-int.com\/wp-content\/uploads\/2023\/02\/oil-serv-2.jpg 1000w, https:\/\/bareeq-int.com\/wp-content\/uploads\/2023\/02\/oil-serv-2-300x205.jpg 300w, https:\/\/bareeq-int.com\/wp-content\/uploads\/2023\/02\/oil-serv-2-768x524.jpg 768w\" sizes=\"auto, (max-width: 1000px) 100vw, 1000px\" \/><figcaption class=\"wp-element-caption\">OIL SERV<\/figcaption><\/figure>\n\n\n\n<figure class=\"wp-block-image size-large\"><img loading=\"lazy\" decoding=\"async\" width=\"1000\" height=\"682\" data-id=\"569\" src=\"https:\/\/bareeq-int.com\/wp-content\/uploads\/2023\/02\/shell-2.jpg\" alt=\"\" class=\"wp-image-569\" srcset=\"https:\/\/bareeq-int.com\/wp-content\/uploads\/2023\/02\/shell-2.jpg 1000w, https:\/\/bareeq-int.com\/wp-content\/uploads\/2023\/02\/shell-2-300x205.jpg 300w, https:\/\/bareeq-int.com\/wp-content\/uploads\/2023\/02\/shell-2-768x524.jpg 768w\" sizes=\"auto, (max-width: 1000px) 100vw, 1000px\" \/><figcaption class=\"wp-element-caption\">SHELL<\/figcaption><\/figure>\n<\/figure>\n","protected":false},"excerpt":{"rendered":"<p>9.000&#8217;den fazla firman\u0131n tercihi&#8230;<\/p>\n","protected":false},"author":1,"featured_media":0,"parent":0,"menu_order":0,"comment_status":"closed","ping_status":"closed","template":"","meta":{"footnotes":""},"class_list":["post-680","page","type-page","status-publish","hentry"],"aioseo_notices":[],"_links":{"self":[{"href":"https:\/\/bareeq-int.com\/tr\/wp-json\/wp\/v2\/pages\/680","targetHints":{"allow":["GET"]}}],"collection":[{"href":"https:\/\/bareeq-int.com\/tr\/wp-json\/wp\/v2\/pages"}],"about":[{"href":"https:\/\/bareeq-int.com\/tr\/wp-json\/wp\/v2\/types\/page"}],"author":[{"embeddable":true,"href":"https:\/\/bareeq-int.com\/tr\/wp-json\/wp\/v2\/users\/1"}],"replies":[{"embeddable":true,"href":"https:\/\/bareeq-int.com\/tr\/wp-json\/wp\/v2\/comments?post=680"}],"version-history":[{"count":1,"href":"https:\/\/bareeq-int.com\/tr\/wp-json\/wp\/v2\/pages\/680\/revisions"}],"predecessor-version":[{"id":781,"href":"https:\/\/bareeq-int.com\/tr\/wp-json\/wp\/v2\/pages\/680\/revisions\/781"}],"wp:attachment":[{"href":"https:\/\/bareeq-int.com\/tr\/wp-json\/wp\/v2\/media?parent=680"}],"curies":[{"name":"wp","href":"https:\/\/api.w.org\/{rel}","templated":true}]}}